{"id":3,"date":"2025-11-28T18:08:53","date_gmt":"2025-11-28T18:08:53","guid":{"rendered":"https:\/\/loja.oescribadigital.com\/?page_id=3"},"modified":"2025-11-30T20:47:37","modified_gmt":"2025-11-30T20:47:37","slug":"politica-de-privacidade","status":"publish","type":"page","link":"https:\/\/loja.oescribadigital.com\/pt\/politica-de-privacidade\/","title":{"rendered":"Politica de Privacidade"},"content":{"rendered":"<div data-elementor-type=\"wp-page\" data-elementor-id=\"3\" class=\"elementor elementor-3\" data-elementor-post-type=\"page\">\n\t\t\t\t\t\t<section class=\"elementor-section elementor-top-section elementor-element elementor-element-eb22a3c elementor-section-boxed elementor-section-height-default elementor-section-height-default\" data-id=\"eb22a3c\" data-element_type=\"section\" data-e-type=\"section\">\n\t\t\t\t\t\t\t<div class=\"elementor-background-overlay\"><\/div>\n\t\t\t\t\t\t\t<div class=\"elementor-container elementor-column-gap-default\">\n\t\t\t\t\t<div class=\"elementor-column elementor-col-100 elementor-top-column elementor-element elementor-element-9a443b3\" data-id=\"9a443b3\" data-element_type=\"column\" data-e-type=\"column\">\n\t\t\t<div class=\"elementor-widget-wrap elementor-element-populated\">\n\t\t\t\t\t\t<div class=\"elementor-element elementor-element-993b0c5 elementor-widget elementor-widget-heading\" data-id=\"993b0c5\" data-element_type=\"widget\" data-e-type=\"widget\" data-widget_type=\"heading.default\">\n\t\t\t\t<div class=\"elementor-widget-container\">\n\t\t\t\t\t<h2 class=\"elementor-heading-title elementor-size-default\">Pol\u00edtica de Privacidade<\/h2>\t\t\t\t<\/div>\n\t\t\t\t<\/div>\n\t\t\t\t<section class=\"elementor-section elementor-inner-section elementor-element elementor-element-7f569fd elementor-section-boxed elementor-section-height-default elementor-section-height-default\" data-id=\"7f569fd\" data-element_type=\"section\" data-e-type=\"section\" data-settings=\"{&quot;background_background&quot;:&quot;classic&quot;}\">\n\t\t\t\t\t\t<div class=\"elementor-container elementor-column-gap-default\">\n\t\t\t\t\t<div class=\"elementor-column elementor-col-100 elementor-inner-column elementor-element elementor-element-90973e2\" data-id=\"90973e2\" data-element_type=\"column\" data-e-type=\"column\">\n\t\t\t<div class=\"elementor-widget-wrap elementor-element-populated\">\n\t\t\t\t\t\t<div class=\"elementor-element elementor-element-2856feb elementor-widget elementor-widget-text-editor\" data-id=\"2856feb\" data-element_type=\"widget\" data-e-type=\"widget\" data-widget_type=\"text-editor.default\">\n\t\t\t\t<div class=\"elementor-widget-container\">\n\t\t\t\t\t\t\t\t\t<p>Esta pol\u00edtica de privacidade aplica-se a todos os dados pessoais recolhidos atrav\u00e9s do<\/p>\n<p>Respons\u00e1vel pelo Tratamento de Dados<\/p>\n<p>Finalidades do Tratamento<br>Os dados pessoais que tratamos atrav\u00e9s desta p\u00e1gina ser\u00e3o unicamente utilizados para as seguintes finalidades:<br>Comunica\u00e7\u00e3o com clientes e esclarecimento de d\u00favidas;<br>Processamento de pedidos de informa\u00e7\u00e3o;<br>Comunica\u00e7\u00f5es de marketing direto (caso tenha consentido no tratamento dos seus dados pessoais para esta finalidade);<br>Solicita\u00e7\u00e3o de servi\u00e7os\/produtos;<\/p>\n<p>Prazo de Conserva\u00e7\u00e3o<br>Conservamos os seus dados apenas durante o per\u00edodo que for necess\u00e1rio no \u00e2mbito da finalidade para a qual estes foram recolhidos.<\/p>\n<p>Consentimento<br>Ao consentir nesta pol\u00edtica de privacidade, est\u00e1 a dar permiss\u00e3o para processar os seus dados pessoais especificamente para os fins identificados e selecionados. Se o consentimento for legalmente necess\u00e1rio para o tratamento de dados pessoais, o titular dos dados tem o direito de retirar o seu consentimento em qualquer altura, embora esse direito n\u00e3o comprometa a licitude do tratamento efetuado com base no consentimento previamente dado nem o tratamento posterior dos mesmos dados, baseado noutra base legal, como \u00e9 o caso de uma obriga\u00e7\u00e3o legal a que a damassoterapiaeunhas.com esteja sujeita. Para retirar o seu consentimento, pode contactar-nos atrav\u00e9s de carta ou do endere\u00e7o de e-mail<\/p>\n<p>Direitos dos Utilizadores<br>O utilizador pode exercer a todo o tempo os seus direitos de acesso, retifica\u00e7\u00e3o, apagamento, limita\u00e7\u00e3o, oposi\u00e7\u00e3o e portabilidade, atrav\u00e9s de solicita\u00e7\u00e3o por qualquer dos seguintes meios:<\/p>\n<p><br><\/p>\n<p>E-mail:&nbsp;<span style=\"background-color: rgb(255, 255, 255); font-size: 1rem;\">suporte@loja.oescribadigital.com<\/span><\/p>\n<p>O titular poder\u00e1 ainda apresentar reclama\u00e7\u00f5es sobre o tratamento de dados junto da Comiss\u00e3o Nacional de Prote\u00e7\u00e3o de Dados.<\/p>\n<p>Transmiss\u00e3o de Dados<br>O tratamento dos dados dos utilizadores poder\u00e1 ser realizado por um prestador de servi\u00e7os id\u00f3neo, contratado pela damassoterapiaeunhas.com. Quando tal sucede, toma as medidas adequadas, de forma a assegurar que as entidades que tenham acesso aos dados oferecem as mais elevadas garantias no que respeita \u00e0 prote\u00e7\u00e3o de dados.Assim, qualquer subcontratado, tratar\u00e1 os dados pessoais dos Utilizadores, em nome e por conta da damassoterapiaeunhas.com, cumprindo rigorosamente as normas legais sobre prote\u00e7\u00e3o de dados pessoais, seguran\u00e7a da informa\u00e7\u00e3o e demais normas aplic\u00e1veis.<\/p>\n<p>Transfer\u00eancias Internacionais de Dados<br>poder\u00e1 no, \u00e2mbito das finalidades descritas, transferir os seus dados do utilizador para fora do territ\u00f3rio do Espa\u00e7o Econ\u00f3mico Europeu (EEE). Nestes casos, cumprir\u00e1 rigorosamente as disposi\u00e7\u00f5es legais aplic\u00e1veis, nomeadamente \u00e0 determina\u00e7\u00e3o da adequabilidade do(s) pa\u00eds(es) de destino no que respeita \u00e0 prote\u00e7\u00e3o de dados pessoais e aos requisitos aplic\u00e1veis a tais transfer\u00eancias.<\/p>\n<p>Car\u00e1cter obrigat\u00f3rio dos Dados Solicitados<br>Os dados que constam no registo de cliente que estejam identificados com um asterisco (*), ser\u00e3o de preenchimento obrigat\u00f3rio para cumprir a finalidade estabelecida. Como tal, se o utilizador n\u00e3o facultar os mesmos, a damassoterapiaeunhas.com n\u00e3o poder\u00e1 atender ao pedido deste.<\/p>\n<p>Decis\u00f5es Automatizadas<br>poder\u00e1 elaborar perfis dos utilizadores, o que permitir\u00e1 a ado\u00e7\u00e3o de decis\u00f5es automatizadas, baseadas nas caracter\u00edsticas pessoais, prefer\u00eancias, hist\u00f3rico de comportamento e localiza\u00e7\u00e3o. Nestes casos, o utilizador ter\u00e1 o direito de obter uma interven\u00e7\u00e3o humana na decis\u00e3o, de expressar o seu ponto de vista e de impugnar a decis\u00e3o adotada.<\/p>\n<p>Medidas de protec\u00e7\u00e3o dos Dados Pessoais<br>aplica diversas medidas t\u00e9cnicas e organizativas adequadas para proteger os dados pessoais dos utilizadores.<\/p>\n<p>Uso de &#8220;cookies&#8221;<br>A pol\u00edtica de Cookies encontra-se dispon\u00edvel no website.<\/p>\n<p>Altera\u00e7\u00f5es \u00e0 Politica de Privacidade<br>Ocasionalmente,a jf material de escritorio Tomar,A atualizar\u00e1 esta Pol\u00edtica de Privacidade. Solicitamos-lhe que reveja periodicamente este documento para se manter atualizado.<\/p>\n<p>Pol\u00edtica de Cookies<br>O que s\u00e3o cookies<br>\u201cCookies\u201d s\u00e3o pequenas etiquetas de software que podem ser armazenadas no seu computador atrav\u00e9s do navegador de internet (browser), retendo apenas informa\u00e7\u00e3o relacionada com as suas prefer\u00eancias, n\u00e3o incluindo, como tal, os seus dados pessoais.<br>Porque \u00e9 que o website utiliza cookies<br>Durante uma visita a esta p\u00e1gina Web, poder\u00e3o ser colocados ficheiros denominados \u201cCookies\u201d no computador do utilizador. Estes Cookies permitem adequar a p\u00e1gina Web aos gostos e prefer\u00eancias do utilizador e apresentar promo\u00e7\u00f5es e ofertas de produtos que podem ser do seu interesse enquanto utilizador.<br>Tipos de cookies<br>Cookies de Prefer\u00eancias<br>Estes cookies permitem que os Websites memorizem informa\u00e7\u00f5es que alteram o comportamento e o aspeto do Website, como o seu idioma preferido ou a regi\u00e3o onde se encontra. Por exemplo, ao memorizar a sua regi\u00e3o, um Website pode fornecer-lhe informa\u00e7\u00f5es locais sobre o tempo ou o tr\u00e2nsito. Estes cookies tamb\u00e9m o podem ajudar a alterar o tamanho do texto, o tipo de letra e outras partes personaliz\u00e1veis de p\u00e1ginas Web. A perda das informa\u00e7\u00f5es armazenadas num cookie de prefer\u00eancia pode tornar a experi\u00eancia do Website menos funcional, mas n\u00e3o dever\u00e1 impedir o seu funcionamento.<\/p>\n<p>Cookies de Seguran\u00e7a<br>Os cookies de seguran\u00e7a s\u00e3o utilizados para autenticar utilizadores e evitar a utiliza\u00e7\u00e3o fraudulenta de credenciais de in\u00edcio de sess\u00e3o e proteger dados de pessoas n\u00e3o autorizadas. Por exemplo, permite bloquear muitos tipos de ataque, como tentativas de roubo do conte\u00fado de formul\u00e1rios que preenche em p\u00e1ginas Web.<\/p>\n<p>Cookies de Processos<br>Os cookies de processo ajudam o Website a funcionar e a disponibilizar servi\u00e7os que o visitante do Website espera, como navegar em p\u00e1ginas Web ou aceder a \u00e1reas seguras do Website. Sem estes cookies, o Website n\u00e3o consegue funcionar corretamente.<\/p>\n<p>Cookies de Publicidade<br>Estes cookies t\u00eam como finalidade tornar a publicidade mais envolvente para os utilizadores e \u00e9 mais valiosa para publicadores e anunciantes. Algumas aplica\u00e7\u00f5es comuns de cookies visam selecionar publicidade com base no que \u00e9 relevante para o utilizador, para melhorar os relat\u00f3rios sobre desempenho de campanhas e evitar mostrar an\u00fancios que o utilizador j\u00e1 viu.<\/p>\n<p>Cookies de Estado da Sess\u00e3o<br>Os Websites recolhem muitas vezes informa\u00e7\u00f5es sobre a forma como os utilizadores interagem com uma determinada p\u00e1gina Web. Isso pode incluir as p\u00e1ginas que os utilizadores visitam com mais frequ\u00eancia e se os utilizadores recebem mensagens de erro de determinadas p\u00e1ginas. Os chamados &#8220;cookies de estado da sess\u00e3o ajudam a melhorar os servi\u00e7os das empresas, de forma a melhorar a experi\u00eancia de navega\u00e7\u00e3o dos nossos utilizadores. Bloquear ou eliminar estes cookies n\u00e3o torna o Website inutiliz\u00e1vel.<\/p>\n<p>Cookies de An\u00e1lise<br>Estes cookies ajudam os propriet\u00e1rios de Websites e de aplica\u00e7\u00f5es a entender o envolvimento dos seus visitantes com as suas p\u00e1ginas web. Estes podem utilizar um conjunto de cookies para recolher informa\u00e7\u00f5es e reportar estat\u00edsticas de utiliza\u00e7\u00e3o dos Websites sem identificar pessoalmente os visitantes individuais.<\/p>\n<p>Fonte de informa\u00e7\u00e3o, Google.<br>Como gerir os cookies<br>Na maioria dos navegadores de Internet (Browsers) estes cookies podem ser facilmente removidos ou recusados. Poder\u00e1 alterar as suas permiss\u00f5es ao selecionar as defini\u00e7\u00f5es pretendidas no navegador. Encontrar\u00e1 tamb\u00e9m mais detalhes sobre estes procedimentos na sec\u00e7\u00e3o de ajuda do respectivo navegador.<\/p>\t\t\t\t\t\t\t\t<\/div>\n\t\t\t\t<\/div>\n\t\t\t\t\t<\/div>\n\t\t<\/div>\n\t\t\t\t\t<\/div>\n\t\t<\/section>\n\t\t\t\t\t<\/div>\n\t\t<\/div>\n\t\t\t\t\t<\/div>\n\t\t<\/section>\n\t\t\t\t<\/div>","protected":false},"excerpt":{"rendered":"<p>Pol\u00edtica de Privacidade Esta pol\u00edtica de privacidade aplica-se a todos os dados pessoais recolhidos atrav\u00e9s do Respons\u00e1vel pelo Tratamento de Dados Finalidades do TratamentoOs dados pessoais que tratamos atrav\u00e9s desta p\u00e1gina ser\u00e3o unicamente utilizados para as seguintes finalidades:Comunica\u00e7\u00e3o com clientes e esclarecimento de d\u00favidas;Processamento de pedidos de informa\u00e7\u00e3o;Comunica\u00e7\u00f5es de marketing direto (caso tenha consentido no [&hellip;]<\/p>\n","protected":false},"author":1,"featured_media":0,"parent":0,"menu_order":0,"comment_status":"closed","ping_status":"closed","template":"elementor_header_footer","meta":{"site-sidebar-layout":"default","site-content-layout":"","ast-site-content-layout":"default","site-content-style":"default","site-sidebar-style":"default","ast-global-header-display":"","ast-banner-title-visibility":"","ast-main-header-display":"","ast-hfb-above-header-display":"","ast-hfb-below-header-display":"","ast-hfb-mobile-header-display":"","site-post-title":"","ast-breadcrumbs-content":"","ast-featured-img":"","footer-sml-layout":"","ast-disable-related-posts":"","theme-transparent-header-meta":"","adv-header-id-meta":"","stick-header-meta":"","header-above-stick-meta":"","header-main-stick-meta":"","header-below-stick-meta":"","astra-migrate-meta-layouts":"set","ast-page-background-enabled":"default","ast-page-background-meta":{"desktop":{"background-color":"var(--ast-global-color-4)","background-image":"","background-repeat":"repeat","background-position":"center center","background-size":"auto","background-attachment":"scroll","background-type":"","background-media":"","overlay-type":"","overlay-color":"","overlay-opacity":"","overlay-gradient":""},"tablet":{"background-color":"","background-image":"","background-repeat":"repeat","background-position":"center center","background-size":"auto","background-attachment":"scroll","background-type":"","background-media":"","overlay-type":"","overlay-color":"","overlay-opacity":"","overlay-gradient":""},"mobile":{"background-color":"","background-image":"","background-repeat":"repeat","background-position":"center center","background-size":"auto","background-attachment":"scroll","background-type":"","background-media":"","overlay-type":"","overlay-color":"","overlay-opacity":"","overlay-gradient":""}},"ast-content-background-meta":{"desktop":{"background-color":"var(--ast-global-color-5)","background-image":"","background-repeat":"repeat","background-position":"center center","background-size":"auto","background-attachment":"scroll","background-type":"","background-media":"","overlay-type":"","overlay-color":"","overlay-opacity":"","overlay-gradient":""},"tablet":{"background-color":"var(--ast-global-color-5)","background-image":"","background-repeat":"repeat","background-position":"center center","background-size":"auto","background-attachment":"scroll","background-type":"","background-media":"","overlay-type":"","overlay-color":"","overlay-opacity":"","overlay-gradient":""},"mobile":{"background-color":"var(--ast-global-color-5)","background-image":"","background-repeat":"repeat","background-position":"center center","background-size":"auto","background-attachment":"scroll","background-type":"","background-media":"","overlay-type":"","overlay-color":"","overlay-opacity":"","overlay-gradient":""}},"footnotes":""},"class_list":["post-3","page","type-page","status-publish","hentry"],"_links":{"self":[{"href":"https:\/\/loja.oescribadigital.com\/pt\/wp-json\/wp\/v2\/pages\/3","targetHints":{"allow":["GET"]}}],"collection":[{"href":"https:\/\/loja.oescribadigital.com\/pt\/wp-json\/wp\/v2\/pages"}],"about":[{"href":"https:\/\/loja.oescribadigital.com\/pt\/wp-json\/wp\/v2\/types\/page"}],"author":[{"embeddable":true,"href":"https:\/\/loja.oescribadigital.com\/pt\/wp-json\/wp\/v2\/users\/1"}],"replies":[{"embeddable":true,"href":"https:\/\/loja.oescribadigital.com\/pt\/wp-json\/wp\/v2\/comments?post=3"}],"version-history":[{"count":32,"href":"https:\/\/loja.oescribadigital.com\/pt\/wp-json\/wp\/v2\/pages\/3\/revisions"}],"predecessor-version":[{"id":1018,"href":"https:\/\/loja.oescribadigital.com\/pt\/wp-json\/wp\/v2\/pages\/3\/revisions\/1018"}],"wp:attachment":[{"href":"https:\/\/loja.oescribadigital.com\/pt\/wp-json\/wp\/v2\/media?parent=3"}],"curies":[{"name":"wp","href":"https:\/\/api.w.org\/{rel}","templated":true}]}}